{"id":76,"date":"2018-01-23T10:26:41","date_gmt":"2018-01-23T09:26:41","guid":{"rendered":"http:\/\/blog.fickinger.org\/?page_id=76"},"modified":"2018-10-04T16:25:25","modified_gmt":"2018-10-04T14:25:25","slug":"impressum","status":"publish","type":"page","link":"https:\/\/www.nicht-trivial.de\/index.php\/impressum\/","title":{"rendered":"Impressum"},"content":{"rendered":"<h2>ANGABEN GEM\u00c4SS \u00a7 5 TMG:<\/h2>\n<p>Peter Fickinger<br \/>\nGrandweg 156<br \/>\n22529 Hamburg<\/p>\n<h2>KONTAKT:<\/h2>\n<table>\n<tbody>\n<tr>\n<td>E-Mail:<\/td>\n<td>blog@fickinger.org<\/td>\n<\/tr>\n<\/tbody>\n<\/table>\n<h2>Verantwortlich f\u00fcr den Inhalt nach \u00a7 55 Abs. 2 RStV:<\/h2>\n<p>Peter Fickinger<br \/>\nGrandweg 156<br \/>\n22529 Hamburg<\/p>\n<p>&nbsp;<\/p>\n<h2>Haftungsausschluss:<\/h2>\n<p><strong>Haftung f\u00fcr Inhalte<\/strong><\/p>\n<p>Die Inhalte dieses\u00a0 Internetauftritts\u00a0 wurden und werden mit gr\u00f6\u00dfter Sorgfalt recherchiert, aufbereitet und ver\u00f6ffentlicht. F\u00fcr die Korrektheit, Vollst\u00e4ndigkeit und Aktualit\u00e4t der Inhalte kann der Betreiber jedoch keine absolute Gew\u00e4hr \u00fcbernehmen. Als Diensteanbieter ist der Betreiber dieser Internetseiten gem\u00e4\u00df \u00a7 7 Abs.1 TMG f\u00fcr seine Inhalte nach den allgemeinen Gesetzen verantwortlich. Nach \u00a7\u00a7 8 bis 10 TMG ist der Betreiber als Diensteanbieter jedoch nicht verpflichtet, \u00fcbermittelte oder gespeicherte fremde Informationen zu \u00fcberwachen oder nach Umst\u00e4nden zu forschen, die auf eine rechtswidrige T\u00e4tigkeit hinweisen. Verpflichtungen zur Entfernung oder Sperrung der Nutzung von Informationen nach den allgemeinen Gesetzen bleiben hiervon unber\u00fchrt. Eine Haftung ergibt sich jedoch erst ab dem Zeitpunkt der Kenntnisnahme einer konkreten Rechtsverletzung. Der Betreiber ist bestrebt, vorhandene Rechtsverletzungen umgehend aus seinem Internetauftritt zu entfernen, sobald er hier\u00fcber in Kenntnis gesetzt wurde. Der Betreiber verweist auf den k\u00fcrzesten Weg der Inkenntnissetzung durch Nutzung der Kontaktdaten, welche oben bekannt gegeben wurden. Die Einschaltung Dritter ist im Sinne der Aufwands- und Kostenvermeidung NICHT NOTWENDIG. Dies schr\u00e4nkt nicht die M\u00f6glichkeit eines Verletzten ein, sein Recht bei Verstreichen eines angemessenen Zeitraums (Vorschlag: 14 Tage) durch juristische Ma\u00dfnahmen durchzusetzen.<\/p>\n<p><strong>Haftung f\u00fcr Links<\/strong><\/p>\n<p>Dieses Angebot enth\u00e4lt Links zu externen Webseiten Dritter, auf deren Inhalte der Betreiber dieser Internetseiten keinen Einfluss hat und daher auch\u00a0keine Gew\u00e4hr f\u00fcr diese fremden Inhalte \u00fcbernehmen kann. Zum Zeitpunkt der jeweiligen Verlinkung \u00fcberpr\u00fcft der Betreiber dieses Internetauftritts die jeweiligen fremden Inhalte auf vorhandene Rechtsverst\u00f6\u00dfe nach bestem Wissen und Gewissen. F\u00fcr die Inhalte der verlinkten Seiten ist jedoch stets der jeweilige Anbieter oder Betreiber der Seiten verantwortlich. Rechtswidrige Inhalte waren zum Zeitpunkt der Verlinkung nicht erkennbar. Eine permanente inhaltliche Kontrolle der verlinkten Seiten ist jedoch ohne konkrete Anhaltspunkte einer Rechtsverletzung nicht zumutbar. Bei Bekanntwerden von Rechtsverletzungen werden\u00a0 derartige Links umgehend entfernen. Auch in diesem Falle ist die Einschaltung Dritter im Sinne der Aufwands- und Kostenvermeidung NICHT NOTWENDIG.<\/p>\n<p><strong>Urheberrecht<\/strong><\/p>\n<p>Die durch den Seitenbetreiber erstellten Inhalte und Werke auf diesen Seiten unterliegen dem deutschen Urheberrecht. Die Vervielf\u00e4ltigung, Bearbeitung, Verbreitung und jede Art der Verwertung au\u00dferhalb der Grenzen des Urheberrechtes bed\u00fcrfen der schriftlichen Zustimmung des jeweiligen Autors bzw. Erstellers. Downloads und Kopien dieser Seite sind nur f\u00fcr den privaten, nicht kommerziellen Gebrauch gestattet. Soweit die Inhalte auf dieser Seite nicht vom Betreiber erstellt wurden, werden die Urheberrechte Dritter beachtet. Insbesondere werden Inhalte Dritter als solche gekennzeichnet. Sollten Sie trotzdem auf eine Urheberrechtsverletzung aufmerksam werden, bitte ich um einen entsprechenden Hinweis. Bei Bekanntwerden von Rechtsverletzungen wird der Betreiber derartige Inhalte umgehend entfernen.<\/p>\n<p><strong>Datenschutz<\/strong><\/p>\n<p>Die Nutzung dieser Webseite ist in der Regel ohne Angabe personenbezogener Daten m\u00f6glich. Soweit auf diesen Seiten personenbezogene Daten (beispielsweise Name, Anschrift oder eMail-Adressen) erhoben werden, erfolgt dies, soweit m\u00f6glich, stets auf freiwilliger Basis. Diese Daten werden ohne Ihre ausdr\u00fcckliche Zustimmung nicht an Dritte weitergegeben. Der Betreiber diese Auftritts setzt sich selbst f\u00fcr den Datenschutz ein, da es ihm ein pers\u00f6nliches Anliegen ist, dass auch seine eigene Daten stets gesch\u00fctzt werden. Der Nutzer dieses Internetauftritts darf sich daher sicher sein, dass Daten so sparsam wie m\u00f6glich erhoben und so gut wie m\u00f6glich gesch\u00fctzt werden.<\/p>\n<p>Der Betreiber dieses Internetauftritts weist darauf hin, dass die Daten\u00fcbertragung im Internet (zum Beispiel bei der Kommunikation per E-Mail) Sicherheitsl\u00fccken aufweisen kann. Ein l\u00fcckenloser Schutz der Daten vor dem Zugriff durch Dritte ist zu seinem eigenen Leidwesen nicht m\u00f6glich.<\/p>\n<p>Der Nutzung von im Rahmen der Impressumspflicht ver\u00f6ffentlichten Kontaktdaten durch Dritte zur \u00dcbersendung von nicht ausdr\u00fccklich angeforderter Werbung und Informationsmaterialien wird hiermit ausdr\u00fccklich widersprochen. Der Betreiber dieser Seiten beh\u00e4lt sich ausdr\u00fccklich rechtliche Schritte im Falle der unverlangten Zusendung von Werbeinformationen, etwa durch Spam-Mails, vor.<\/p>\n","protected":false},"excerpt":{"rendered":"<p>ANGABEN GEM\u00c4SS \u00a7 5 TMG: Peter Fickinger Grandweg 156 22529 Hamburg KONTAKT: E-Mail: blog@fickinger.org Verantwortlich f\u00fcr den Inhalt nach \u00a7 55 Abs. 2 RStV: Peter Fickinger Grandweg 156 22529 Hamburg &nbsp; Haftungsausschluss: Haftung f\u00fcr Inhalte Die Inhalte dieses\u00a0 Internetauftritts\u00a0 wurden und werden mit gr\u00f6\u00dfter Sorgfalt recherchiert, aufbereitet und ver\u00f6ffentlicht. F\u00fcr die Korrektheit, Vollst\u00e4ndigkeit und Aktualit\u00e4t &hellip; <\/p>\n<p class=\"link-more\"><a href=\"https:\/\/www.nicht-trivial.de\/index.php\/impressum\/\" class=\"more-link\"><span class=\"screen-reader-text\">\u201eImpressum\u201c<\/span> weiterlesen<\/a><\/p>\n","protected":false},"author":3,"featured_media":0,"parent":0,"menu_order":0,"comment_status":"closed","ping_status":"closed","template":"","meta":{"footnotes":""},"class_list":["post-76","page","type-page","status-publish","hentry"],"_links":{"self":[{"href":"https:\/\/www.nicht-trivial.de\/index.php\/wp-json\/wp\/v2\/pages\/76","targetHints":{"allow":["GET"]}}],"collection":[{"href":"https:\/\/www.nicht-trivial.de\/index.php\/wp-json\/wp\/v2\/pages"}],"about":[{"href":"https:\/\/www.nicht-trivial.de\/index.php\/wp-json\/wp\/v2\/types\/page"}],"author":[{"embeddable":true,"href":"https:\/\/www.nicht-trivial.de\/index.php\/wp-json\/wp\/v2\/users\/3"}],"replies":[{"embeddable":true,"href":"https:\/\/www.nicht-trivial.de\/index.php\/wp-json\/wp\/v2\/comments?post=76"}],"version-history":[{"count":8,"href":"https:\/\/www.nicht-trivial.de\/index.php\/wp-json\/wp\/v2\/pages\/76\/revisions"}],"predecessor-version":[{"id":652,"href":"https:\/\/www.nicht-trivial.de\/index.php\/wp-json\/wp\/v2\/pages\/76\/revisions\/652"}],"wp:attachment":[{"href":"https:\/\/www.nicht-trivial.de\/index.php\/wp-json\/wp\/v2\/media?parent=76"}],"curies":[{"name":"wp","href":"https:\/\/api.w.org\/{rel}","templated":true}]}}